{"id":8,"date":"2021-07-29T08:13:02","date_gmt":"2021-07-29T06:13:02","guid":{"rendered":"http:\/\/bonyfund.fr\/?page_id=8"},"modified":"2022-01-09T18:35:52","modified_gmt":"2022-01-09T17:35:52","slug":"home","status":"publish","type":"page","link":"https:\/\/bonyfund.fr\/","title":{"rendered":"Home"},"content":{"rendered":"\n<p><strong>BonyFund<\/strong>&nbsp;est un Fond de Dotation (FDD) cr\u00e9e par&nbsp;<strong>Jacques Bonifay<\/strong>&nbsp;suite \u00e0 la cession de son entreprise&nbsp;<a href=\"https:\/\/www.transatel.com\/\" target=\"_blank\" rel=\"noreferrer noopener\"><strong>Transatel<\/strong><\/a>&nbsp;au groupe japonais NTT<\/p>\n\n\n\n<p>L\u2019objectif de Jacques Bonifay \u00e0 travers BonyFund est d\u2019avoir un impact positif dans le monde en supportant des projets \u00e0 caract\u00e8re humanitaire ou \u00e9cologique \u00e0 travers:<\/p>\n\n\n\n<ul><li>Un support financier<\/li><li>Une implication personnelle par laquelle Jacques Bonifay peut apporter ses comp\u00e9tences en mati\u00e8re de Business developpement , Lobbying, cr\u00e9ation de valeur technologique et \u00e9ventuellement business<\/li><\/ul>\n\n\n\n<p>Par ailleurs, Jacques Bonifay souhaite s\u2019associer dans cette d\u00e9marche \u00e0 d\u2019autres entrepreneurs qui suivent les m\u00eames objectifs afin de d\u00e9multiplier son impact.<\/p>\n\n\n\n<p>En 2020 les premi\u00e8res op\u00e9rations ont \u00e9t\u00e9 r\u00e9alis\u00e9es en supportant financi\u00e8rement 3 associations\u00a0:<\/p>\n\n\n\n<ul><li>Ligue fran\u00e7aise contre la Scl\u00e9rose en Plaques&nbsp;<strong><a href=\"http:\/\/www.ligue-sclerose.fr\/\" target=\"_blank\" rel=\"noreferrer noopener\">http:\/\/www.ligue-sclerose.fr<\/a><\/strong><\/li><li>L\u2019Orchestre-Atelier Ostinato&nbsp;<strong><a href=\"https:\/\/www.ostinato.fr\/\" target=\"_blank\" rel=\"noreferrer noopener\">https:\/\/www.ostinato.fr<\/a><\/strong><\/li><li>La Soci\u00e9t\u00e9 Nationale de Sauvetage en Mer&nbsp;<strong><a href=\"https:\/\/www.snsm.org\/\" target=\"_blank\" rel=\"noreferrer noopener\">https:\/\/www.snsm.org<\/a><\/strong><\/li><\/ul>\n\n\n\n<p><strong>Le total du support financier aux associations pour 2020 s\u2019\u00e9l\u00e8ve \u00e0 9000\u20ac<\/strong><\/p>\n\n\n\n<p>Outre le support \u00e0 des associations, cette premi\u00e8re ann\u00e9e avait pour objectif de se familiariser avec le fonctionnement d\u2019un Fond de Dotation. En particulier il a fallu g\u00e9rer et suivre<\/p>\n\n\n\n<ul><li>Les travaux de cr\u00e9ation du FDD (frais d\u2019avocat).<\/li><li>Les travaux de Comptabilit\u00e9 (frais d\u2019expert-comptable).<\/li><li>Les travaux de commissariat au compte (frais de commissariat aux comptes)<\/li><\/ul>\n\n\n\n<p>Soit un total de frais administratifs de l\u2019ordre de 8000\u20ac \u00e0 comparer aux 9000\u20ac en soutient aux associations sans compter le temps pass\u00e9.<\/p>\n\n\n\n<p>En 2021, le support financier a \u00e9t\u00e9 limit\u00e9 \u00e0 une association par manque de temps:<\/p>\n\n\n\n<p><li>La soci\u00e9t\u00e9 d&#8217;encouragement pour l&#8217;industrie pour un montant de 3000\u20ac<\/li> <\/p>\n\n\n\n<p>En 2022, BonyFund a soutenu:<\/p>\n\n\n\n<p><li>A nouveau l&#8217;Orchestre-Atelier Ostinato <\/li><a href=\"https:\/\/www.ostinato.fr\" data-type=\"URL\" data-id=\"https:\/\/www.ostinato.fr\">https:\/\/www.ostinato.fr<\/a> <\/p>\n\n\n\n<p><strong>Dans les prochaines ann\u00e9es, l\u2019objectif est de supporter des projets o\u00f9 Jacques Bonifay pourra apporter une valeur ajout\u00e9e importante en plus du support financier apport\u00e9 par BonyFund<\/strong><\/p>\n","protected":false},"excerpt":{"rendered":"<p>BonyFund&nbsp;est un Fond de Dotation (FDD) cr\u00e9e par&nbsp;Jacques Bonifay&nbsp;suite \u00e0 la cession de son entreprise&nbsp;Transatel&nbsp;au groupe japonais NTT L\u2019objectif de Jacques Bonifay \u00e0 travers BonyFund est d\u2019avoir un impact positif dans le monde en supportant des projets \u00e0 caract\u00e8re humanitaire ou \u00e9cologique \u00e0 travers: Un support financier Une implication personnelle par laquelle Jacques Bonifay peut &hellip; <a href=\"https:\/\/bonyfund.fr\/\" class=\"more-link\">Continue reading<span class=\"screen-reader-text\"> &#8220;Home&#8221;<\/span><\/a><\/p>\n","protected":false},"author":1,"featured_media":0,"parent":0,"menu_order":0,"comment_status":"closed","ping_status":"closed","template":"","meta":[],"_links":{"self":[{"href":"https:\/\/bonyfund.fr\/index.php?rest_route=\/wp\/v2\/pages\/8"}],"collection":[{"href":"https:\/\/bonyfund.fr\/index.php?rest_route=\/wp\/v2\/pages"}],"about":[{"href":"https:\/\/bonyfund.fr\/index.php?rest_route=\/wp\/v2\/types\/page"}],"author":[{"embeddable":true,"href":"https:\/\/bonyfund.fr\/index.php?rest_route=\/wp\/v2\/users\/1"}],"replies":[{"embeddable":true,"href":"https:\/\/bonyfund.fr\/index.php?rest_route=%2Fwp%2Fv2%2Fcomments&post=8"}],"version-history":[{"count":9,"href":"https:\/\/bonyfund.fr\/index.php?rest_route=\/wp\/v2\/pages\/8\/revisions"}],"predecessor-version":[{"id":77,"href":"https:\/\/bonyfund.fr\/index.php?rest_route=\/wp\/v2\/pages\/8\/revisions\/77"}],"wp:attachment":[{"href":"https:\/\/bonyfund.fr\/index.php?rest_route=%2Fwp%2Fv2%2Fmedia&parent=8"}],"curies":[{"name":"wp","href":"https:\/\/api.w.org\/{rel}","templated":true}]}}